{"id":365,"date":"2023-07-17T15:07:21","date_gmt":"2023-07-17T15:07:21","guid":{"rendered":"https:\/\/construccionescf.es\/?page_id=365"},"modified":"2025-04-02T15:41:50","modified_gmt":"2025-04-02T15:41:50","slug":"contacta-con-nosotros","status":"publish","type":"page","link":"https:\/\/construccionescf.es\/en\/contacta-con-nosotros\/","title":{"rendered":"Contact us"},"content":{"rendered":"<div class=\"wp-block-group alignfull is-layout-flow wp-container-core-group-is-layout-10d01144 wp-block-group-is-layout-flow\" style=\"margin-top:0px;margin-bottom:0px;padding-top:0px;padding-right:0px;padding-bottom:0px;padding-left:0px\">\n<div class=\"wp-block-columns are-vertically-aligned-center is-layout-flex wp-container-core-columns-is-layout-d2ca7aa4 wp-block-columns-is-layout-flex\">\n<div class=\"wp-block-column is-vertically-aligned-center is-layout-flow wp-block-column-is-layout-flow\" style=\"padding-top:32px;padding-right:32px;padding-bottom:32px;padding-left:32px\">\n<div class=\"wp-block-group is-layout-constrained wp-container-core-group-is-layout-6d6486c8 wp-block-group-is-layout-constrained\">\n<p>If you would like to know more information about the company, please do not hesitate to contact us. Our team will review your request and you will be attended in the best possible way.<\/p>\n\n\n\n<p>In case of requesting a quotation, our technicians will contact you to know the details and to be able to estimate each case adequately.<\/p>\n<\/div>\n<\/div>\n\n\n\n<div class=\"wp-block-column is-vertically-aligned-center has-raft-bg-background-color has-background is-layout-flow wp-block-column-is-layout-flow\" style=\"padding-top:32px;padding-right:32px;padding-bottom:32px;padding-left:32px\"><div class=\"wpforms-container wpforms-container-full wpforms-block wpforms-block-dbd22be4-b7d8-433c-acc4-1642db97df58 wpforms-render-modern\" id=\"wpforms-141\"><form id=\"wpforms-form-141\" class=\"wpforms-validate wpforms-form wpforms-ajax-form\" data-formid=\"141\" method=\"post\" enctype=\"multipart\/form-data\" action=\"\/en\/wp-json\/wp\/v2\/pages\/365\" data-token=\"8a55c3fab827d8e892968cb1684ee635\" data-token-time=\"1776023561\" data-trp-original-action=\"\/en\/wp-json\/wp\/v2\/pages\/365\"><noscript class=\"wpforms-error-noscript\">Please enable JavaScript in your browser to complete this form.<\/noscript><div id=\"wpforms-error-noscript\" style=\"display: none;\">Please enable JavaScript in your browser to complete this form.<\/div><div class=\"wpforms-field-container\"><div id=\"wpforms-141-field_0-container\" class=\"wpforms-field wpforms-field-name contact-form\" data-field-id=\"0\"><label class=\"wpforms-field-label\" for=\"wpforms-141-field_0\">Name <span class=\"wpforms-required-label\" aria-hidden=\"true\">*<\/span><\/label><input type=\"text\" id=\"wpforms-141-field_0\" class=\"wpforms-field-medium wpforms-field-required\" name=\"wpforms[fields][0]\" aria-errormessage=\"wpforms-141-field_0-error\" required><\/div><div id=\"wpforms-141-field_1-container\" class=\"wpforms-field wpforms-field-email contact-form\" data-field-id=\"1\"><label class=\"wpforms-field-label\" for=\"wpforms-141-field_1\">Email <span class=\"wpforms-required-label\" aria-hidden=\"true\">*<\/span><\/label><input type=\"email\" id=\"wpforms-141-field_1\" class=\"wpforms-field-medium wpforms-field-required\" name=\"wpforms[fields][1]\" spellcheck=\"false\" aria-errormessage=\"wpforms-141-field_1-error\" required><\/div><div id=\"wpforms-141-field_4-container\" class=\"wpforms-field wpforms-field-text contact-form\" data-field-id=\"4\"><label class=\"wpforms-field-label\" for=\"wpforms-141-field_4\">Subject<\/label><input type=\"text\" id=\"wpforms-141-field_4\" class=\"wpforms-field-medium\" name=\"wpforms[fields][4]\" aria-errormessage=\"wpforms-141-field_4-error\" ><\/div><div id=\"wpforms-141-field_2-container\" class=\"wpforms-field wpforms-field-textarea contact-form\" data-field-id=\"2\"><label class=\"wpforms-field-label\" for=\"wpforms-141-field_2\">Text<\/label><textarea id=\"wpforms-141-field_2\" class=\"wpforms-field-medium\" name=\"wpforms[fields][2]\" aria-errormessage=\"wpforms-141-field_2-error\" ><\/textarea><\/div><\/div><!-- .wpforms-field-container --><div class=\"wpforms-submit-container\" ><input type=\"hidden\" name=\"wpforms[id]\" value=\"141\"><input type=\"hidden\" name=\"page_title\" value=\"\"><input type=\"hidden\" name=\"page_url\" value=\"https:\/\/construccionescf.es\/en\/wp-json\/wp\/v2\/pages\/365\"><input type=\"hidden\" name=\"url_referer\" value=\"\"><button type=\"submit\" name=\"wpforms[submit]\" id=\"wpforms-submit-141\" class=\"wpforms-submit wp-block-button btn\" data-alt-text=\"Enviando...\" data-submit-text=\"Enviar\" aria-live=\"assertive\" value=\"wpforms-submit\">Send<\/button><img loading=\"lazy\" decoding=\"async\" src=\"https:\/\/construccionescf.es\/wp-content\/plugins\/wpforms-lite\/assets\/images\/submit-spin.svg\" class=\"wpforms-submit-spinner\" style=\"display: none;\" width=\"26\" height=\"26\" alt=\"Loading\"><\/div><input type=\"hidden\" name=\"trp-form-language\" value=\"en\"\/><\/form><\/div>  <!-- .wpforms-container --><\/div>\n<\/div>\n<\/div>","protected":false},"excerpt":{"rendered":"<p>En caso de querer conocer m\u00e1s informaci\u00f3n sobre la empresa, no dudes en contactar con nosotros. Nuestro equipo revisar\u00e1 tu petici\u00f3n y ser\u00e1 atendido de la mejor forma posible. En caso de solicitar un presupuesto, nuestros t\u00e9cnicos se pondr\u00e1n en contacto con usted para conocer los detalles y poder estimar adecuadamente cada caso.<\/p>","protected":false},"author":1,"featured_media":0,"parent":0,"menu_order":0,"comment_status":"closed","ping_status":"closed","template":"wp-custom-template-prueba-home","meta":{"om_disable_all_campaigns":false,"_monsterinsights_skip_tracking":false,"_monsterinsights_sitenote_active":false,"_monsterinsights_sitenote_note":"","_monsterinsights_sitenote_category":0,"footnotes":""},"class_list":["post-365","page","type-page","status-publish","hentry"],"aioseo_notices":[],"_links":{"self":[{"href":"https:\/\/construccionescf.es\/en\/wp-json\/wp\/v2\/pages\/365","targetHints":{"allow":["GET"]}}],"collection":[{"href":"https:\/\/construccionescf.es\/en\/wp-json\/wp\/v2\/pages"}],"about":[{"href":"https:\/\/construccionescf.es\/en\/wp-json\/wp\/v2\/types\/page"}],"author":[{"embeddable":true,"href":"https:\/\/construccionescf.es\/en\/wp-json\/wp\/v2\/users\/1"}],"replies":[{"embeddable":true,"href":"https:\/\/construccionescf.es\/en\/wp-json\/wp\/v2\/comments?post=365"}],"version-history":[{"count":2,"href":"https:\/\/construccionescf.es\/en\/wp-json\/wp\/v2\/pages\/365\/revisions"}],"predecessor-version":[{"id":571,"href":"https:\/\/construccionescf.es\/en\/wp-json\/wp\/v2\/pages\/365\/revisions\/571"}],"wp:attachment":[{"href":"https:\/\/construccionescf.es\/en\/wp-json\/wp\/v2\/media?parent=365"}],"curies":[{"name":"wp","href":"https:\/\/api.w.org\/{rel}","templated":true}]}}