{"id":12,"date":"2023-07-06T17:29:46","date_gmt":"2023-07-06T17:29:46","guid":{"rendered":"http:\/\/construccionescf.es\/?page_id=12"},"modified":"2025-04-02T15:26:02","modified_gmt":"2025-04-02T15:26:02","slug":"sobre-nosotros","status":"publish","type":"page","link":"https:\/\/construccionescf.es\/en\/sobre-nosotros\/","title":{"rendered":"About us"},"content":{"rendered":"<div class=\"wp-block-group is-layout-constrained wp-container-core-group-is-layout-2704560f wp-block-group-is-layout-constrained\">\n<div class=\"wp-block-columns is-layout-flex wp-container-core-columns-is-layout-28f84493 wp-block-columns-is-layout-flex\">\n<div class=\"wp-block-column is-layout-flow wp-block-column-is-layout-flow\">\n<p>Our story began in 1972, when Jos\u00e9 Cerd\u00e0 Verd founded <em>Construccions Jos\u00e9 Cerd\u00e0 Verd<\/em>laying the foundations of a family business built on a passion for quality work.<\/p>\n\n\n\n<p>In 1997, his sons, Mateu and Pep Cerd\u00e0, decided to carry on that legacy by founding <em>Construcciones Cerd\u00e0 Fiol<\/em>, the company we proudly continue to lead today with the same commitment, dedication, and personal touch.<\/p>\n\n\n\n<p>With over 50 years of experience in the construction sector and more than 240 completed projects of various types, we offer comprehensive, professional customized services for each client's needs. <\/p>\n\n\n\n<p>At <em>Construcciones Cerd\u00e0 Fiol<\/em> we work with honesty, responsibility, and attention to detail. We are committed to quality, trust, and personalized service in every project\u2014because we believe building well also means building lasting relationships.<\/p>\n<\/div>\n<\/div>\n\n\n\n<div style=\"height:50px\" aria-hidden=\"true\" class=\"wp-block-spacer\"><\/div>\n<\/div>\n\n\n\n<div class=\"wp-block-group sobre-nosotros-card is-layout-constrained wp-container-core-group-is-layout-2c2a455a wp-block-group-is-layout-constrained\">\n<h4 class=\"wp-block-heading has-text-align-center\">Our value<\/h4>\n\n\n\n<div class=\"wp-block-columns is-layout-flex wp-container-core-columns-is-layout-28f84493 wp-block-columns-is-layout-flex\">\n<div class=\"wp-block-column is-layout-flow wp-block-column-is-layout-flow\">\n<div class=\"wp-block-columns is-layout-flex wp-container-core-columns-is-layout-28f84493 wp-block-columns-is-layout-flex\" style=\"border-style:none;border-width:0px\">\n<div class=\"wp-block-column min-height-100 is-layout-flow wp-block-column-is-layout-flow\" style=\"border-width:1px\">\n<figure class=\"wp-block-image aligncenter size-full is-style-default mt-2\"><img loading=\"lazy\" decoding=\"async\" width=\"64\" height=\"64\" src=\"https:\/\/construccionescf.es\/wp-content\/uploads\/2023\/07\/conservacio.png\" alt=\"\" class=\"wp-image-75\"\/><\/figure>\n\n\n\n<p class=\"has-text-align-center has-normal-font-size\">We offer conservation projects for historic and artistic properties.<\/p>\n<\/div>\n\n\n\n<div class=\"wp-block-column min-height-100 is-layout-flow wp-block-column-is-layout-flow\" style=\"border-width:1px\">\n<figure class=\"wp-block-image aligncenter size-full is-style-default mt-2\"><img loading=\"lazy\" decoding=\"async\" width=\"64\" height=\"64\" src=\"https:\/\/construccionescf.es\/wp-content\/uploads\/2023\/07\/restauracio.png\" alt=\"\" class=\"wp-image-76\"\/><\/figure>\n\n\n\n<p class=\"has-text-align-center has-normal-font-size\">Capacity for the restoration of traditional houses and estates.<\/p>\n<\/div>\n<\/div>\n<\/div>\n\n\n\n<div class=\"wp-block-column is-layout-flow wp-block-column-is-layout-flow\">\n<div class=\"wp-block-columns is-layout-flex wp-container-core-columns-is-layout-28f84493 wp-block-columns-is-layout-flex\">\n<div class=\"wp-block-column min-height-100 is-layout-flow wp-block-column-is-layout-flow\" style=\"border-width:1px\">\n<figure class=\"wp-block-image aligncenter size-full mt-2\"><img loading=\"lazy\" decoding=\"async\" width=\"64\" height=\"64\" src=\"https:\/\/construccionescf.es\/wp-content\/uploads\/2023\/07\/integracio.png\" alt=\"\" class=\"wp-image-77\"\/><\/figure>\n\n\n\n<p class=\"has-text-align-center has-normal-font-size\">We integrate Mallorcan construction into new buildings.<\/p>\n<\/div>\n\n\n\n<div class=\"wp-block-column min-height-100 is-layout-flow wp-block-column-is-layout-flow\" style=\"border-width:1px;padding-top:0;padding-right:0;padding-bottom:0;padding-left:0\">\n<figure class=\"wp-block-image aligncenter size-full mt-2\"><img loading=\"lazy\" decoding=\"async\" width=\"64\" height=\"64\" src=\"https:\/\/construccionescf.es\/wp-content\/uploads\/2023\/07\/innovacio.png\" alt=\"\" class=\"wp-image-78\"\/><\/figure>\n\n\n\n<p class=\"has-text-align-center has-normal-font-size\">We are aware of the new forms of construction and are capable of executing them.<\/p>\n<\/div>\n<\/div>\n<\/div>\n<\/div>\n<\/div>\n\n\n\n<div style=\"height:100px\" aria-hidden=\"true\" class=\"wp-block-spacer\"><\/div>\n\n\n\n<div class=\"wp-block-group alignfull is-layout-constrained wp-container-core-group-is-layout-cf40794e wp-block-group-is-layout-constrained\" style=\"margin-top:0px;margin-bottom:0px;padding-top:0px;padding-right:0px;padding-bottom:0px;padding-left:0px\">\n<div class=\"wp-block-columns are-vertically-aligned-center is-layout-flex wp-container-core-columns-is-layout-d2ca7aa4 wp-block-columns-is-layout-flex\">\n<div class=\"wp-block-column is-vertically-aligned-center is-layout-flow wp-block-column-is-layout-flow\" style=\"padding-top:32px;padding-right:32px;padding-bottom:32px;padding-left:32px\">\n<div class=\"wp-block-group is-layout-constrained wp-container-core-group-is-layout-6d6486c8 wp-block-group-is-layout-constrained\">\n<h2 class=\"wp-block-heading\">Team<\/h2>\n\n\n\n<p>In Construccions Cerd\u00e0 Fiol S.L. we have a human team characterized by its knowledge in the construction sector.<\/p>\n\n\n\n<p>Most of the staff are officers. This fact gives us a great capacity to adapt to any work and allows us to offer higher quality in the execution of these.<\/p>\n<\/div>\n<\/div>\n\n\n\n<div class=\"wp-block-column is-vertically-aligned-center has-background has-link-color wp-elements-7d100df532fcefa5aff123bb862b0e68 is-layout-flow wp-block-column-is-layout-flow\" style=\"background-color:#3e3d38;padding-top:32px;padding-right:32px;padding-bottom:32px;padding-left:32px\">\n<figure class=\"wp-block-image size-large\"><img loading=\"lazy\" decoding=\"async\" width=\"1024\" height=\"674\" src=\"http:\/\/construccionescf.es\/wp-content\/uploads\/2023\/07\/empresa-1-1024x674.jpg\" alt=\"\" class=\"wp-image-14\" srcset=\"https:\/\/construccionescf.es\/wp-content\/uploads\/2023\/07\/empresa-1-1024x674.jpg 1024w, https:\/\/construccionescf.es\/wp-content\/uploads\/2023\/07\/empresa-1-300x197.jpg 300w, https:\/\/construccionescf.es\/wp-content\/uploads\/2023\/07\/empresa-1-768x505.jpg 768w, https:\/\/construccionescf.es\/wp-content\/uploads\/2023\/07\/empresa-1-1536x1010.jpg 1536w, https:\/\/construccionescf.es\/wp-content\/uploads\/2023\/07\/empresa-1-2048x1347.jpg 2048w\" sizes=\"auto, (max-width: 1024px) 100vw, 1024px\" \/><\/figure>\n<\/div>\n<\/div>\n\n\n\n<div class=\"wp-block-columns are-vertically-aligned-center column-reverse is-layout-flex wp-container-core-columns-is-layout-d2ca7aa4 wp-block-columns-is-layout-flex\">\n<div class=\"wp-block-column is-vertically-aligned-center has-background is-layout-flow wp-block-column-is-layout-flow\" style=\"background-color:#3e3d38;padding-top:32px;padding-right:32px;padding-bottom:32px;padding-left:32px\">\n<figure class=\"wp-block-image aligncenter size-full\"><img loading=\"lazy\" decoding=\"async\" width=\"512\" height=\"512\" src=\"https:\/\/construccionescf.es\/wp-content\/uploads\/2023\/07\/Certificate.png\" alt=\"\" class=\"wp-image-98\" srcset=\"https:\/\/construccionescf.es\/wp-content\/uploads\/2023\/07\/Certificate.png 512w, https:\/\/construccionescf.es\/wp-content\/uploads\/2023\/07\/Certificate-300x300.png 300w, https:\/\/construccionescf.es\/wp-content\/uploads\/2023\/07\/Certificate-150x150.png 150w\" sizes=\"auto, (max-width: 512px) 100vw, 512px\" \/><\/figure>\n<\/div>\n\n\n\n<div class=\"wp-block-column is-vertically-aligned-center is-layout-flow wp-block-column-is-layout-flow\" style=\"padding-top:32px;padding-right:32px;padding-bottom:32px;padding-left:32px\">\n<div class=\"wp-block-group is-layout-constrained wp-container-core-group-is-layout-6d6486c8 wp-block-group-is-layout-constrained\">\n<h2 class=\"wp-block-heading\">Certifications<\/h2>\n\n\n\n<p>We have the assignment of section C of the business classification certificate awarded by the Advisory Board of Administrative Contracting of the General Directorate of Heritage of the GOIB.<\/p>\n\n\n\n<p>We are one of the few companies in possession of the K7 certificate. This classification guarantees our experience and aptitude to carry out works of restoration of historical and artistic real estate.<\/p>\n<\/div>\n<\/div>\n<\/div>\n\n\n\n<div style=\"height:70px\" aria-hidden=\"true\" class=\"wp-block-spacer\"><\/div>\n<\/div>\n\n\n\n<div class=\"wp-block-group alignfull has-raft-fg-alt-color has-text-color has-background is-layout-constrained wp-container-core-group-is-layout-f5ce465c wp-block-group-is-layout-constrained\" style=\"background-color:#3e3d38;margin-top:0px;margin-bottom:0px;padding-top:64px;padding-bottom:64px\">\n<h3 class=\"wp-block-heading has-text-align-center has-raft-fg-alt-color has-text-color\">If you want to know more information, please contact us<\/h3>\n\n\n\n<div class=\"wp-block-buttons is-content-justification-center is-layout-flex wp-container-core-buttons-is-layout-a89b3969 wp-block-buttons-is-layout-flex\">\n<div class=\"wp-block-button is-style-outline is-style-outline--1\"><a class=\"wp-block-button__link has-raft-fg-alt-color has-text-color wp-element-button\" href=\"https:\/\/construccionescf.es\/en\/contacta-con-nosotros\/\">Contact us<\/a><\/div>\n<\/div>\n<\/div>","protected":false},"excerpt":{"rendered":"<p>Nuestra historia comienza en 1972, cuando Jos\u00e9 Cerd\u00e0 Verd fund\u00f3 Construccions Jos\u00e9 Cerd\u00e0 Verd, sentando las bases de una empresa familiar con vocaci\u00f3n por el trabajo bien hecho. En 1997, sus hijos, Mateu y Pep Cerd\u00e0, decidimos dar continuidad a ese legado fundando Construcciones Cerd\u00e0 Fiol, la empresa que hoy seguimos liderando con el mismo [&hellip;]<\/p>","protected":false},"author":1,"featured_media":0,"parent":0,"menu_order":0,"comment_status":"closed","ping_status":"closed","template":"wp-custom-template-prueba-home","meta":{"om_disable_all_campaigns":false,"_monsterinsights_skip_tracking":false,"_monsterinsights_sitenote_active":false,"_monsterinsights_sitenote_note":"","_monsterinsights_sitenote_category":0,"footnotes":""},"class_list":["post-12","page","type-page","status-publish","hentry"],"aioseo_notices":[],"_links":{"self":[{"href":"https:\/\/construccionescf.es\/en\/wp-json\/wp\/v2\/pages\/12","targetHints":{"allow":["GET"]}}],"collection":[{"href":"https:\/\/construccionescf.es\/en\/wp-json\/wp\/v2\/pages"}],"about":[{"href":"https:\/\/construccionescf.es\/en\/wp-json\/wp\/v2\/types\/page"}],"author":[{"embeddable":true,"href":"https:\/\/construccionescf.es\/en\/wp-json\/wp\/v2\/users\/1"}],"replies":[{"embeddable":true,"href":"https:\/\/construccionescf.es\/en\/wp-json\/wp\/v2\/comments?post=12"}],"version-history":[{"count":27,"href":"https:\/\/construccionescf.es\/en\/wp-json\/wp\/v2\/pages\/12\/revisions"}],"predecessor-version":[{"id":567,"href":"https:\/\/construccionescf.es\/en\/wp-json\/wp\/v2\/pages\/12\/revisions\/567"}],"wp:attachment":[{"href":"https:\/\/construccionescf.es\/en\/wp-json\/wp\/v2\/media?parent=12"}],"curies":[{"name":"wp","href":"https:\/\/api.w.org\/{rel}","templated":true}]}}